{"id":8,"date":"2021-03-21T06:35:31","date_gmt":"2021-03-21T06:35:31","guid":{"rendered":"https:\/\/ventacasaspachuca.com.mx\/?page_id=8"},"modified":"2021-03-21T06:35:31","modified_gmt":"2021-03-21T06:35:31","slug":"contacto","status":"publish","type":"page","link":"https:\/\/ventacasaspachuca.com.mx\/index.php\/contacto\/","title":{"rendered":"Contacto"},"content":{"rendered":"\n<p>Esta es una p\u00e1gina con informaci\u00f3n de contacto b\u00e1sica, como la direcci\u00f3n y el n\u00famero de tel\u00e9fono. Incluso puedes probar un plugin para a\u00f1adir un formulario de contacto.<\/p>\n","protected":false},"excerpt":{"rendered":"<p>Esta es una p\u00e1gina con informaci\u00f3n de contacto b\u00e1sica, como la direcci\u00f3n y el n\u00famero de tel\u00e9fono. Incluso puedes probar un plugin para a\u00f1adir un formulario de contacto.<\/p>\n","protected":false},"author":1,"featured_media":0,"parent":0,"menu_order":0,"comment_status":"closed","ping_status":"closed","template":"","meta":{"om_disable_all_campaigns":false,"_monsterinsights_skip_tracking":false,"_monsterinsights_sitenote_active":false,"_monsterinsights_sitenote_note":"","_monsterinsights_sitenote_category":0},"yoast_head":"<!-- This site is optimized with the Yoast SEO plugin v16.0.2 - https:\/\/yoast.com\/wordpress\/plugins\/seo\/ -->\n<title>Contacto - INMOBILIARIA AKROS<\/title>\n<link rel=\"canonical\" href=\"https:\/\/ventacasaspachuca.com.mx\/index.php\/contacto\/\" \/>\n<meta property=\"og:locale\" content=\"en_US\" \/>\n<meta property=\"og:type\" content=\"article\" \/>\n<meta property=\"og:title\" content=\"Contacto - INMOBILIARIA AKROS\" \/>\n<meta property=\"og:description\" content=\"Esta es una p\u00e1gina con informaci\u00f3n de contacto b\u00e1sica, como la direcci\u00f3n y el n\u00famero de tel\u00e9fono. Incluso puedes probar un plugin para a\u00f1adir un formulario de contacto.\" \/>\n<meta property=\"og:url\" content=\"https:\/\/ventacasaspachuca.com.mx\/index.php\/contacto\/\" \/>\n<meta property=\"og:site_name\" content=\"INMOBILIARIA AKROS\" \/>\n<meta name=\"twitter:card\" content=\"summary_large_image\" \/>\n<script type=\"application\/ld+json\" class=\"yoast-schema-graph\">{\"@context\":\"https:\/\/schema.org\",\"@graph\":[{\"@type\":\"WebSite\",\"@id\":\"https:\/\/ventacasaspachuca.com.mx\/#website\",\"url\":\"https:\/\/ventacasaspachuca.com.mx\/\",\"name\":\"INMOBILIARIA AKROS\",\"description\":\"VENTA DE CASAS PACHUCA\",\"potentialAction\":[{\"@type\":\"SearchAction\",\"target\":\"https:\/\/ventacasaspachuca.com.mx\/?s={search_term_string}\",\"query-input\":\"required name=search_term_string\"}],\"inLanguage\":\"en-US\"},{\"@type\":\"WebPage\",\"@id\":\"https:\/\/ventacasaspachuca.com.mx\/index.php\/contacto\/#webpage\",\"url\":\"https:\/\/ventacasaspachuca.com.mx\/index.php\/contacto\/\",\"name\":\"Contacto - INMOBILIARIA AKROS\",\"isPartOf\":{\"@id\":\"https:\/\/ventacasaspachuca.com.mx\/#website\"},\"datePublished\":\"2021-03-21T06:35:31+00:00\",\"dateModified\":\"2021-03-21T06:35:31+00:00\",\"breadcrumb\":{\"@id\":\"https:\/\/ventacasaspachuca.com.mx\/index.php\/contacto\/#breadcrumb\"},\"inLanguage\":\"en-US\",\"potentialAction\":[{\"@type\":\"ReadAction\",\"target\":[\"https:\/\/ventacasaspachuca.com.mx\/index.php\/contacto\/\"]}]},{\"@type\":\"BreadcrumbList\",\"@id\":\"https:\/\/ventacasaspachuca.com.mx\/index.php\/contacto\/#breadcrumb\",\"itemListElement\":[{\"@type\":\"ListItem\",\"position\":1,\"item\":{\"@type\":\"WebPage\",\"@id\":\"https:\/\/ventacasaspachuca.com.mx\/\",\"url\":\"https:\/\/ventacasaspachuca.com.mx\/\",\"name\":\"Portada\"}},{\"@type\":\"ListItem\",\"position\":2,\"item\":{\"@type\":\"WebPage\",\"@id\":\"https:\/\/ventacasaspachuca.com.mx\/index.php\/contacto\/\",\"url\":\"https:\/\/ventacasaspachuca.com.mx\/index.php\/contacto\/\",\"name\":\"Contacto\"}}]}]}<\/script>\n<!-- \/ Yoast SEO plugin. -->","_links":{"self":[{"href":"https:\/\/ventacasaspachuca.com.mx\/index.php\/wp-json\/wp\/v2\/pages\/8"}],"collection":[{"href":"https:\/\/ventacasaspachuca.com.mx\/index.php\/wp-json\/wp\/v2\/pages"}],"about":[{"href":"https:\/\/ventacasaspachuca.com.mx\/index.php\/wp-json\/wp\/v2\/types\/page"}],"author":[{"embeddable":true,"href":"https:\/\/ventacasaspachuca.com.mx\/index.php\/wp-json\/wp\/v2\/users\/1"}],"replies":[{"embeddable":true,"href":"https:\/\/ventacasaspachuca.com.mx\/index.php\/wp-json\/wp\/v2\/comments?post=8"}],"version-history":[{"count":1,"href":"https:\/\/ventacasaspachuca.com.mx\/index.php\/wp-json\/wp\/v2\/pages\/8\/revisions"}],"predecessor-version":[{"id":18,"href":"https:\/\/ventacasaspachuca.com.mx\/index.php\/wp-json\/wp\/v2\/pages\/8\/revisions\/18"}],"wp:attachment":[{"href":"https:\/\/ventacasaspachuca.com.mx\/index.php\/wp-json\/wp\/v2\/media?parent=8"}],"curies":[{"name":"wp","href":"https:\/\/api.w.org\/{rel}","templated":true}]}}